{"id":1645,"date":"2024-11-24T13:40:31","date_gmt":"2024-11-24T12:40:31","guid":{"rendered":"https:\/\/amberstone.pl\/nasze-wartosci\/"},"modified":"2025-01-02T19:29:37","modified_gmt":"2025-01-02T18:29:37","slug":"nasze-wartosci","status":"publish","type":"page","link":"https:\/\/amberstone.pl\/pl\/nasze-wartosci\/","title":{"rendered":"Nasze Warto\u015bci"},"content":{"rendered":"\t\t<div data-elementor-type=\"wp-page\" data-elementor-id=\"1645\" class=\"elementor elementor-1645 elementor-973\">\n\t\t\t\t<div class=\"elementor-element elementor-element-523017d e-flex e-con-boxed e-con e-parent\" data-id=\"523017d\" data-element_type=\"container\" data-e-type=\"container\" data-settings=\"{&quot;background_background&quot;:&quot;classic&quot;}\">\n\t\t\t\t\t<div class=\"e-con-inner\">\n\t\t<div class=\"elementor-element elementor-element-be1e32f e-con-full e-flex e-con e-child\" data-id=\"be1e32f\" data-element_type=\"container\" data-e-type=\"container\" data-settings=\"{&quot;background_background&quot;:&quot;classic&quot;}\">\n\t\t\t\t<div class=\"elementor-element elementor-element-4f8a453 elementor-widget elementor-widget-heading\" data-id=\"4f8a453\" data-element_type=\"widget\" data-e-type=\"widget\" data-widget_type=\"heading.default\">\n\t\t\t\t<div class=\"elementor-widget-container\">\n\t\t\t\t\t<h4 class=\"elementor-heading-title elementor-size-default\">Nasze Warto\u015bci<\/h4>\t\t\t\t<\/div>\n\t\t\t\t<\/div>\n\t\t\t\t<div class=\"elementor-element elementor-element-a9a3743 elementor-widget-divider--view-line elementor-widget elementor-widget-divider\" data-id=\"a9a3743\" data-element_type=\"widget\" data-e-type=\"widget\" data-widget_type=\"divider.default\">\n\t\t\t\t<div class=\"elementor-widget-container\">\n\t\t\t\t\t\t\t<div class=\"elementor-divider\">\n\t\t\t<span class=\"elementor-divider-separator\">\n\t\t\t\t\t\t<\/span>\n\t\t<\/div>\n\t\t\t\t\t\t<\/div>\n\t\t\t\t<\/div>\n\t\t\t\t<\/div>\n\t\t<div class=\"elementor-element elementor-element-4539355 e-con-full e-flex e-con e-child\" data-id=\"4539355\" data-element_type=\"container\" data-e-type=\"container\" data-settings=\"{&quot;background_background&quot;:&quot;classic&quot;}\">\n\t\t\t\t<div class=\"elementor-element elementor-element-873021f elementor-widget elementor-widget-text-editor\" data-id=\"873021f\" data-element_type=\"widget\" data-e-type=\"widget\" data-widget_type=\"text-editor.default\">\n\t\t\t\t<div class=\"elementor-widget-container\">\n\t\t\t\t\t\t\t\t\t<div class=\"tm_pb_text tm_pb_module tm_pb_bg_layout_light tm_pb_text_align_left tm_pb_text_1\">\n<h4>Jeste\u015bmy po to, aby pomaga\u0107<\/h4>\n<p>Nasza dzia\u0142alno\u015b\u0107 polega na pomaganiu naszym Klientom w rozwi\u0105zywaniu ich problem\u00f3w HR, wspieraniu naszych Kandydat\u00f3w w ich rozwoju zawodowym oraz pomaganiu wszystkim, kt\u00f3rzy mog\u0105 skorzysta\u0107 z naszej wiedzy i do\u015bwiadczenia.<\/p>\n<\/div>\n<div class=\"tm_pb_text tm_pb_module tm_pb_bg_layout_light tm_pb_text_align_left tm_pb_text_2\">\n<h4>Nauka i dzielenie si\u0119 wiedz\u0105<\/h4>\n<p>Uczenie si\u0119 jest nieod\u0142\u0105cznym elementem naszej dzia\u0142alno\u015bci. Poszerzamy nasz\u0105 wiedz\u0119, aby wykorzystywa\u0107 j\u0105 z korzy\u015bci\u0105 dla naszych Klient\u00f3w i aby nasze kompetencje wyr\u00f3\u017cnia\u0142y nas na rynku us\u0142ug profesjonalnych. <\/p>\n<\/div>\n<div class=\"tm_pb_text tm_pb_module tm_pb_bg_layout_light tm_pb_text_align_left tm_pb_text_3\">\n<h4>Uczciwo\u015b\u0107<\/h4>\n<p>Przestrzegamy standard\u00f3w etycznych zar\u00f3wno w \u017cyciu zawodowym, jak i prywatnym. Kierujemy si\u0119 zasadami uczciwo\u015bci i rzetelno\u015bci w procesie przekazywania naszej wiedzy i informacji. <\/p>\n<\/div>\n<div class=\"tm_pb_text tm_pb_module tm_pb_bg_layout_light tm_pb_text_align_left tm_pb_text_4\">\n<h4>Lojalno\u015b\u0107<\/h4>\n<p>Zdajemy sobie spraw\u0119, \u017ce nasza praca wymaga du\u017cej odpowiedzialno\u015bci. Nasi Klienci i Wnioskodawcy powierzaj\u0105 nam poufne informacje, dlatego musimy mie\u0107 pewno\u015b\u0107, \u017ce wykorzystujemy t\u0119 wiedz\u0119 wy\u0142\u0105cznie w celu reprezentowania ich interes\u00f3w. <\/p>\n<\/div>\n<div class=\"tm_pb_text tm_pb_module tm_pb_bg_layout_light tm_pb_text_align_left tm_pb_text_5\">\n<h4>Dbamy o \u015brodowisko naturalne<\/h4>\n<p>Chcemy, aby nasza praca przyczynia\u0142a si\u0119 do ochrony \u015brodowiska. Wierzymy w ide\u0119 biura bez papieru, a nasze serwery i komputery zu\u017cywaj\u0105 niewielk\u0105 ilo\u015b\u0107 energii. <\/p>\n<\/div>\n\t\t\t\t\t\t\t\t<\/div>\n\t\t\t\t<\/div>\n\t\t\t\t<\/div>\n\t\t\t\t\t<\/div>\n\t\t\t\t<\/div>\n\t\t\t\t<\/div>\n\t\t","protected":false},"excerpt":{"rendered":"<p>Nasze Warto\u015bci Jeste\u015bmy po to, aby pomaga\u0107 Nasza dzia\u0142alno\u015b\u0107 polega na pomaganiu naszym Klientom w rozwi\u0105zywaniu ich problem\u00f3w HR, wspieraniu naszych Kandydat\u00f3w w ich rozwoju zawodowym oraz pomaganiu wszystkim, kt\u00f3rzy mog\u0105 skorzysta\u0107 z naszej wiedzy i do\u015bwiadczenia. Nauka i dzielenie si\u0119 wiedz\u0105 Uczenie si\u0119 jest nieod\u0142\u0105cznym elementem naszej dzia\u0142alno\u015bci. Poszerzamy nasz\u0105 wiedz\u0119, aby wykorzystywa\u0107 j\u0105 [&hellip;]<\/p>\n","protected":false},"author":1,"featured_media":0,"parent":0,"menu_order":0,"comment_status":"closed","ping_status":"closed","template":"page-no-title","meta":{"footnotes":""},"class_list":["post-1645","page","type-page","status-publish","hentry"],"yoast_head":"<!-- This site is optimized with the Yoast SEO plugin v27.6 - https:\/\/yoast.com\/product\/yoast-seo-wordpress\/ -->\n<title>Nasze Warto\u015bci - Amberstone Associates<\/title>\n<meta name=\"robots\" content=\"index, follow, max-snippet:-1, max-image-preview:large, max-video-preview:-1\" \/>\n<link rel=\"canonical\" href=\"https:\/\/amberstone.pl\/pl\/nasze-wartosci\/\" \/>\n<meta property=\"og:locale\" content=\"pl_PL\" \/>\n<meta property=\"og:type\" content=\"article\" \/>\n<meta property=\"og:title\" content=\"Nasze Warto\u015bci - Amberstone Associates\" \/>\n<meta property=\"og:description\" content=\"Nasze Warto\u015bci Jeste\u015bmy po to, aby pomaga\u0107 Nasza dzia\u0142alno\u015b\u0107 polega na pomaganiu naszym Klientom w rozwi\u0105zywaniu ich problem\u00f3w HR, wspieraniu naszych Kandydat\u00f3w w ich rozwoju zawodowym oraz pomaganiu wszystkim, kt\u00f3rzy mog\u0105 skorzysta\u0107 z naszej wiedzy i do\u015bwiadczenia. Nauka i dzielenie si\u0119 wiedz\u0105 Uczenie si\u0119 jest nieod\u0142\u0105cznym elementem naszej dzia\u0142alno\u015bci. Poszerzamy nasz\u0105 wiedz\u0119, aby wykorzystywa\u0107 j\u0105 [&hellip;]\" \/>\n<meta property=\"og:url\" content=\"https:\/\/amberstone.pl\/pl\/nasze-wartosci\/\" \/>\n<meta property=\"og:site_name\" content=\"Amberstone Associates\" \/>\n<meta property=\"article:publisher\" content=\"https:\/\/www.facebook.com\/amberstoneassociates\" \/>\n<meta property=\"article:modified_time\" content=\"2025-01-02T18:29:37+00:00\" \/>\n<meta property=\"og:image\" content=\"https:\/\/amberstone.pl\/wp-content\/uploads\/2025\/02\/amberstone-executive-search.png\" \/>\n\t<meta property=\"og:image:width\" content=\"1200\" \/>\n\t<meta property=\"og:image:height\" content=\"675\" \/>\n\t<meta property=\"og:image:type\" content=\"image\/png\" \/>\n<meta name=\"twitter:card\" content=\"summary_large_image\" \/>\n<meta name=\"twitter:site\" content=\"@K_Puchalski\" \/>\n<meta name=\"twitter:label1\" content=\"Szacowany czas czytania\" \/>\n\t<meta name=\"twitter:data1\" content=\"1 minuta\" \/>\n<script type=\"application\/ld+json\" class=\"yoast-schema-graph\">{\"@context\":\"https:\\\/\\\/schema.org\",\"@graph\":[{\"@type\":\"WebPage\",\"@id\":\"https:\\\/\\\/amberstone.pl\\\/pl\\\/nasze-wartosci\\\/\",\"url\":\"https:\\\/\\\/amberstone.pl\\\/pl\\\/nasze-wartosci\\\/\",\"name\":\"Nasze Warto\u015bci - Amberstone Associates\",\"isPartOf\":{\"@id\":\"https:\\\/\\\/amberstone.pl\\\/pl\\\/#website\"},\"datePublished\":\"2024-11-24T12:40:31+00:00\",\"dateModified\":\"2025-01-02T18:29:37+00:00\",\"breadcrumb\":{\"@id\":\"https:\\\/\\\/amberstone.pl\\\/pl\\\/nasze-wartosci\\\/#breadcrumb\"},\"inLanguage\":\"pl-PL\",\"potentialAction\":[{\"@type\":\"ReadAction\",\"target\":[\"https:\\\/\\\/amberstone.pl\\\/pl\\\/nasze-wartosci\\\/\"]}]},{\"@type\":\"BreadcrumbList\",\"@id\":\"https:\\\/\\\/amberstone.pl\\\/pl\\\/nasze-wartosci\\\/#breadcrumb\",\"itemListElement\":[{\"@type\":\"ListItem\",\"position\":1,\"name\":\"Home\",\"item\":\"https:\\\/\\\/amberstone.pl\\\/pl\\\/\"},{\"@type\":\"ListItem\",\"position\":2,\"name\":\"Nasze Warto\u015bci\"}]},{\"@type\":\"WebSite\",\"@id\":\"https:\\\/\\\/amberstone.pl\\\/pl\\\/#website\",\"url\":\"https:\\\/\\\/amberstone.pl\\\/pl\\\/\",\"name\":\"Amberstone Associates, Executive Search in Poland\",\"description\":\"Amberstone Associates \u2013 Leading Executive Search in Poland with Expertise in Technology and Beyond.\",\"publisher\":{\"@id\":\"https:\\\/\\\/amberstone.pl\\\/pl\\\/#organization\"},\"alternateName\":\"Amberstone Associates, Executive Search\",\"potentialAction\":[{\"@type\":\"SearchAction\",\"target\":{\"@type\":\"EntryPoint\",\"urlTemplate\":\"https:\\\/\\\/amberstone.pl\\\/pl\\\/?s={search_term_string}\"},\"query-input\":{\"@type\":\"PropertyValueSpecification\",\"valueRequired\":true,\"valueName\":\"search_term_string\"}}],\"inLanguage\":\"pl-PL\"},{\"@type\":\"Organization\",\"@id\":\"https:\\\/\\\/amberstone.pl\\\/pl\\\/#organization\",\"name\":\"Amberstone Associates\",\"url\":\"https:\\\/\\\/amberstone.pl\\\/pl\\\/\",\"logo\":{\"@type\":\"ImageObject\",\"inLanguage\":\"pl-PL\",\"@id\":\"https:\\\/\\\/amberstone.pl\\\/pl\\\/#\\\/schema\\\/logo\\\/image\\\/\",\"url\":\"https:\\\/\\\/amberstone.pl\\\/wp-content\\\/uploads\\\/2024\\\/11\\\/amberstoneassociates-executive-search-logo.png\",\"contentUrl\":\"https:\\\/\\\/amberstone.pl\\\/wp-content\\\/uploads\\\/2024\\\/11\\\/amberstoneassociates-executive-search-logo.png\",\"width\":421,\"height\":132,\"caption\":\"Amberstone Associates\"},\"image\":{\"@id\":\"https:\\\/\\\/amberstone.pl\\\/pl\\\/#\\\/schema\\\/logo\\\/image\\\/\"},\"sameAs\":[\"https:\\\/\\\/www.facebook.com\\\/amberstoneassociates\",\"https:\\\/\\\/x.com\\\/K_Puchalski\",\"https:\\\/\\\/www.linkedin.com\\\/company\\\/amberstone-associates-sp-z-o-o-\\\/\"]}]}<\/script>\n<!-- \/ Yoast SEO plugin. -->","yoast_head_json":{"title":"Nasze Warto\u015bci - Amberstone Associates","robots":{"index":"index","follow":"follow","max-snippet":"max-snippet:-1","max-image-preview":"max-image-preview:large","max-video-preview":"max-video-preview:-1"},"canonical":"https:\/\/amberstone.pl\/pl\/nasze-wartosci\/","og_locale":"pl_PL","og_type":"article","og_title":"Nasze Warto\u015bci - Amberstone Associates","og_description":"Nasze Warto\u015bci Jeste\u015bmy po to, aby pomaga\u0107 Nasza dzia\u0142alno\u015b\u0107 polega na pomaganiu naszym Klientom w rozwi\u0105zywaniu ich problem\u00f3w HR, wspieraniu naszych Kandydat\u00f3w w ich rozwoju zawodowym oraz pomaganiu wszystkim, kt\u00f3rzy mog\u0105 skorzysta\u0107 z naszej wiedzy i do\u015bwiadczenia. Nauka i dzielenie si\u0119 wiedz\u0105 Uczenie si\u0119 jest nieod\u0142\u0105cznym elementem naszej dzia\u0142alno\u015bci. Poszerzamy nasz\u0105 wiedz\u0119, aby wykorzystywa\u0107 j\u0105 [&hellip;]","og_url":"https:\/\/amberstone.pl\/pl\/nasze-wartosci\/","og_site_name":"Amberstone Associates","article_publisher":"https:\/\/www.facebook.com\/amberstoneassociates","article_modified_time":"2025-01-02T18:29:37+00:00","og_image":[{"width":1200,"height":675,"url":"https:\/\/amberstone.pl\/wp-content\/uploads\/2025\/02\/amberstone-executive-search.png","type":"image\/png"}],"twitter_card":"summary_large_image","twitter_site":"@K_Puchalski","twitter_misc":{"Szacowany czas czytania":"1 minuta"},"schema":{"@context":"https:\/\/schema.org","@graph":[{"@type":"WebPage","@id":"https:\/\/amberstone.pl\/pl\/nasze-wartosci\/","url":"https:\/\/amberstone.pl\/pl\/nasze-wartosci\/","name":"Nasze Warto\u015bci - Amberstone Associates","isPartOf":{"@id":"https:\/\/amberstone.pl\/pl\/#website"},"datePublished":"2024-11-24T12:40:31+00:00","dateModified":"2025-01-02T18:29:37+00:00","breadcrumb":{"@id":"https:\/\/amberstone.pl\/pl\/nasze-wartosci\/#breadcrumb"},"inLanguage":"pl-PL","potentialAction":[{"@type":"ReadAction","target":["https:\/\/amberstone.pl\/pl\/nasze-wartosci\/"]}]},{"@type":"BreadcrumbList","@id":"https:\/\/amberstone.pl\/pl\/nasze-wartosci\/#breadcrumb","itemListElement":[{"@type":"ListItem","position":1,"name":"Home","item":"https:\/\/amberstone.pl\/pl\/"},{"@type":"ListItem","position":2,"name":"Nasze Warto\u015bci"}]},{"@type":"WebSite","@id":"https:\/\/amberstone.pl\/pl\/#website","url":"https:\/\/amberstone.pl\/pl\/","name":"Amberstone Associates, Executive Search in Poland","description":"Amberstone Associates \u2013 Leading Executive Search in Poland with Expertise in Technology and Beyond.","publisher":{"@id":"https:\/\/amberstone.pl\/pl\/#organization"},"alternateName":"Amberstone Associates, Executive Search","potentialAction":[{"@type":"SearchAction","target":{"@type":"EntryPoint","urlTemplate":"https:\/\/amberstone.pl\/pl\/?s={search_term_string}"},"query-input":{"@type":"PropertyValueSpecification","valueRequired":true,"valueName":"search_term_string"}}],"inLanguage":"pl-PL"},{"@type":"Organization","@id":"https:\/\/amberstone.pl\/pl\/#organization","name":"Amberstone Associates","url":"https:\/\/amberstone.pl\/pl\/","logo":{"@type":"ImageObject","inLanguage":"pl-PL","@id":"https:\/\/amberstone.pl\/pl\/#\/schema\/logo\/image\/","url":"https:\/\/amberstone.pl\/wp-content\/uploads\/2024\/11\/amberstoneassociates-executive-search-logo.png","contentUrl":"https:\/\/amberstone.pl\/wp-content\/uploads\/2024\/11\/amberstoneassociates-executive-search-logo.png","width":421,"height":132,"caption":"Amberstone Associates"},"image":{"@id":"https:\/\/amberstone.pl\/pl\/#\/schema\/logo\/image\/"},"sameAs":["https:\/\/www.facebook.com\/amberstoneassociates","https:\/\/x.com\/K_Puchalski","https:\/\/www.linkedin.com\/company\/amberstone-associates-sp-z-o-o-\/"]}]}},"_links":{"self":[{"href":"https:\/\/amberstone.pl\/pl\/wp-json\/wp\/v2\/pages\/1645","targetHints":{"allow":["GET"]}}],"collection":[{"href":"https:\/\/amberstone.pl\/pl\/wp-json\/wp\/v2\/pages"}],"about":[{"href":"https:\/\/amberstone.pl\/pl\/wp-json\/wp\/v2\/types\/page"}],"author":[{"embeddable":true,"href":"https:\/\/amberstone.pl\/pl\/wp-json\/wp\/v2\/users\/1"}],"replies":[{"embeddable":true,"href":"https:\/\/amberstone.pl\/pl\/wp-json\/wp\/v2\/comments?post=1645"}],"version-history":[{"count":0,"href":"https:\/\/amberstone.pl\/pl\/wp-json\/wp\/v2\/pages\/1645\/revisions"}],"wp:attachment":[{"href":"https:\/\/amberstone.pl\/pl\/wp-json\/wp\/v2\/media?parent=1645"}],"curies":[{"name":"wp","href":"https:\/\/api.w.org\/{rel}","templated":true}]}}