{"id":1637,"date":"2024-11-24T13:21:33","date_gmt":"2024-11-24T12:21:33","guid":{"rendered":"https:\/\/amberstone.pl\/executive-outplacement\/"},"modified":"2025-01-02T19:31:08","modified_gmt":"2025-01-02T18:31:08","slug":"executive-outplacement","status":"publish","type":"page","link":"https:\/\/amberstone.pl\/pl\/executive-outplacement\/","title":{"rendered":"Executive outplacement"},"content":{"rendered":"\t\t<div data-elementor-type=\"wp-page\" data-elementor-id=\"1637\" class=\"elementor elementor-1637 elementor-962\">\n\t\t\t\t<div class=\"elementor-element elementor-element-523017d e-flex e-con-boxed e-con e-parent\" data-id=\"523017d\" data-element_type=\"container\" data-e-type=\"container\" data-settings=\"{&quot;background_background&quot;:&quot;classic&quot;}\">\n\t\t\t\t\t<div class=\"e-con-inner\">\n\t\t\t\t<div class=\"elementor-element elementor-element-4f8a453 elementor-widget elementor-widget-heading\" data-id=\"4f8a453\" data-element_type=\"widget\" data-e-type=\"widget\" data-widget_type=\"heading.default\">\n\t\t\t\t<div class=\"elementor-widget-container\">\n\t\t\t\t\t<h4 class=\"elementor-heading-title elementor-size-default\">Executive outplacement<\/h4>\t\t\t\t<\/div>\n\t\t\t\t<\/div>\n\t\t\t\t<div class=\"elementor-element elementor-element-a9a3743 elementor-widget-divider--view-line elementor-widget elementor-widget-divider\" data-id=\"a9a3743\" data-element_type=\"widget\" data-e-type=\"widget\" data-widget_type=\"divider.default\">\n\t\t\t\t<div class=\"elementor-widget-container\">\n\t\t\t\t\t\t\t<div class=\"elementor-divider\">\n\t\t\t<span class=\"elementor-divider-separator\">\n\t\t\t\t\t\t<\/span>\n\t\t<\/div>\n\t\t\t\t\t\t<\/div>\n\t\t\t\t<\/div>\n\t\t\t\t<div class=\"elementor-element elementor-element-6e49822 elementor-widget elementor-widget-heading\" data-id=\"6e49822\" data-element_type=\"widget\" data-e-type=\"widget\" data-widget_type=\"heading.default\">\n\t\t\t\t<div class=\"elementor-widget-container\">\n\t\t\t\t\t<h6 class=\"elementor-heading-title elementor-size-default\">Zapewniamy wsparcie cennym mened\u017cerom, zmieniaj\u0105c ich \u017cycie zawodowe.<\/h6>\t\t\t\t<\/div>\n\t\t\t\t<\/div>\n\t\t\t\t<div class=\"elementor-element elementor-element-aec3f99 elementor-widget__width-initial elementor-widget elementor-widget-text-editor\" data-id=\"aec3f99\" data-element_type=\"widget\" data-e-type=\"widget\" data-widget_type=\"text-editor.default\">\n\t\t\t\t<div class=\"elementor-widget-container\">\n\t\t\t\t\t\t\t\t\t<p>Executive outplacement to profesjonalnie przygotowany program maj\u0105cy na celu zapewnienie wsparcia pracownikom wy\u017cszego szczebla odchodz\u0105cym z organizacji. Najbardziej warto\u015bciowi pracodawcy oferuj\u0105 tego rodzaju wsparcie, aby podkre\u015bli\u0107 swoj\u0105 wdzi\u0119czno\u015b\u0107 i szacunek dla pracownik\u00f3w w procesie zmian.<\/p>\n<p>Dlatego Amberstone Associates dedykuje us\u0142ug\u0119 Executive Outplacement dla kadry zarz\u0105dzaj\u0105cej. Co wi\u0119cej, opiera si\u0119 na indywidualnie dopasowanym wsparciu.<\/p>\n<p>Konsultanci Amberstone na co dzie\u0144 wspieraj\u0105 zarz\u0105dy i rady nadzorcze oraz struktury w\u0142a\u015bcicielskie w poszukiwaniu kluczowych mened\u017cer\u00f3w. Ponadto, koncentruj\u0105c si\u0119 na technologiach cyfrowych, rozwin\u0119li\u015bmy rozleg\u0142\u0105 sie\u0107 potencjalnych pracownik\u00f3w.<\/p>\n<p>Jeste\u015bmy jedyn\u0105 platform\u0105 \u0142\u0105cz\u0105c\u0105 decydent\u00f3w najwy\u017cszego szczebla z potencjalnymi kandydatami w cyfrowym \u015bwiecie. Dzi\u0119ki temu jeste\u015bmy najlepszym miejscem do profesjonalnego zaprezentowania swoich do\u015bwiadcze\u0144 w bran\u017cy IT w regionie EMEA.<\/p>\n\t\t\t\t\t\t\t\t<\/div>\n\t\t\t\t<\/div>\n\t\t\t\t<div class=\"elementor-element elementor-element-f857006 elementor-widget elementor-widget-spacer\" data-id=\"f857006\" data-element_type=\"widget\" data-e-type=\"widget\" data-widget_type=\"spacer.default\">\n\t\t\t\t<div class=\"elementor-widget-container\">\n\t\t\t\t\t\t\t<div class=\"elementor-spacer\">\n\t\t\t<div class=\"elementor-spacer-inner\"><\/div>\n\t\t<\/div>\n\t\t\t\t\t\t<\/div>\n\t\t\t\t<\/div>\n\t\t\t\t\t<\/div>\n\t\t\t\t<\/div>\n\t\t\t\t<\/div>\n\t\t","protected":false},"excerpt":{"rendered":"<p>Executive outplacement Zapewniamy wsparcie cennym mened\u017cerom, zmieniaj\u0105c ich \u017cycie zawodowe. Executive outplacement to profesjonalnie przygotowany program maj\u0105cy na celu zapewnienie wsparcia pracownikom wy\u017cszego szczebla odchodz\u0105cym z organizacji. Najbardziej warto\u015bciowi pracodawcy oferuj\u0105 tego rodzaju wsparcie, aby podkre\u015bli\u0107 swoj\u0105 wdzi\u0119czno\u015b\u0107 i szacunek dla pracownik\u00f3w w procesie zmian. Dlatego Amberstone Associates dedykuje us\u0142ug\u0119 Executive Outplacement dla kadry zarz\u0105dzaj\u0105cej. [&hellip;]<\/p>\n","protected":false},"author":1,"featured_media":0,"parent":0,"menu_order":0,"comment_status":"closed","ping_status":"closed","template":"page-no-title","meta":{"footnotes":""},"class_list":["post-1637","page","type-page","status-publish","hentry"],"yoast_head":"<!-- This site is optimized with the Yoast SEO plugin v27.5 - https:\/\/yoast.com\/product\/yoast-seo-wordpress\/ -->\n<title>Executive outplacement - Amberstone Associates<\/title>\n<meta name=\"robots\" content=\"index, follow, max-snippet:-1, max-image-preview:large, max-video-preview:-1\" \/>\n<link rel=\"canonical\" href=\"https:\/\/amberstone.pl\/pl\/executive-outplacement\/\" \/>\n<meta property=\"og:locale\" content=\"pl_PL\" \/>\n<meta property=\"og:type\" content=\"article\" \/>\n<meta property=\"og:title\" content=\"Executive outplacement - Amberstone Associates\" \/>\n<meta property=\"og:description\" content=\"Executive outplacement Zapewniamy wsparcie cennym mened\u017cerom, zmieniaj\u0105c ich \u017cycie zawodowe. Executive outplacement to profesjonalnie przygotowany program maj\u0105cy na celu zapewnienie wsparcia pracownikom wy\u017cszego szczebla odchodz\u0105cym z organizacji. Najbardziej warto\u015bciowi pracodawcy oferuj\u0105 tego rodzaju wsparcie, aby podkre\u015bli\u0107 swoj\u0105 wdzi\u0119czno\u015b\u0107 i szacunek dla pracownik\u00f3w w procesie zmian. Dlatego Amberstone Associates dedykuje us\u0142ug\u0119 Executive Outplacement dla kadry zarz\u0105dzaj\u0105cej. [&hellip;]\" \/>\n<meta property=\"og:url\" content=\"https:\/\/amberstone.pl\/pl\/executive-outplacement\/\" \/>\n<meta property=\"og:site_name\" content=\"Amberstone Associates\" \/>\n<meta property=\"article:publisher\" content=\"https:\/\/www.facebook.com\/amberstoneassociates\" \/>\n<meta property=\"article:modified_time\" content=\"2025-01-02T18:31:08+00:00\" \/>\n<meta property=\"og:image\" content=\"https:\/\/amberstone.pl\/wp-content\/uploads\/2025\/02\/amberstone-executive-search.png\" \/>\n\t<meta property=\"og:image:width\" content=\"1200\" \/>\n\t<meta property=\"og:image:height\" content=\"675\" \/>\n\t<meta property=\"og:image:type\" content=\"image\/png\" \/>\n<meta name=\"twitter:card\" content=\"summary_large_image\" \/>\n<meta name=\"twitter:site\" content=\"@K_Puchalski\" \/>\n<meta name=\"twitter:label1\" content=\"Szacowany czas czytania\" \/>\n\t<meta name=\"twitter:data1\" content=\"1 minuta\" \/>\n<script type=\"application\/ld+json\" class=\"yoast-schema-graph\">{\"@context\":\"https:\\\/\\\/schema.org\",\"@graph\":[{\"@type\":\"WebPage\",\"@id\":\"https:\\\/\\\/amberstone.pl\\\/pl\\\/executive-outplacement\\\/\",\"url\":\"https:\\\/\\\/amberstone.pl\\\/pl\\\/executive-outplacement\\\/\",\"name\":\"Executive outplacement - Amberstone Associates\",\"isPartOf\":{\"@id\":\"https:\\\/\\\/amberstone.pl\\\/pl\\\/#website\"},\"datePublished\":\"2024-11-24T12:21:33+00:00\",\"dateModified\":\"2025-01-02T18:31:08+00:00\",\"breadcrumb\":{\"@id\":\"https:\\\/\\\/amberstone.pl\\\/pl\\\/executive-outplacement\\\/#breadcrumb\"},\"inLanguage\":\"pl-PL\",\"potentialAction\":[{\"@type\":\"ReadAction\",\"target\":[\"https:\\\/\\\/amberstone.pl\\\/pl\\\/executive-outplacement\\\/\"]}]},{\"@type\":\"BreadcrumbList\",\"@id\":\"https:\\\/\\\/amberstone.pl\\\/pl\\\/executive-outplacement\\\/#breadcrumb\",\"itemListElement\":[{\"@type\":\"ListItem\",\"position\":1,\"name\":\"Home\",\"item\":\"https:\\\/\\\/amberstone.pl\\\/pl\\\/\"},{\"@type\":\"ListItem\",\"position\":2,\"name\":\"Executive outplacement\"}]},{\"@type\":\"WebSite\",\"@id\":\"https:\\\/\\\/amberstone.pl\\\/pl\\\/#website\",\"url\":\"https:\\\/\\\/amberstone.pl\\\/pl\\\/\",\"name\":\"Amberstone Associates, Executive Search in Poland\",\"description\":\"Amberstone Associates \u2013 Leading Executive Search in Poland with Expertise in Technology and Beyond.\",\"publisher\":{\"@id\":\"https:\\\/\\\/amberstone.pl\\\/pl\\\/#organization\"},\"alternateName\":\"Amberstone Associates, Executive Search\",\"potentialAction\":[{\"@type\":\"SearchAction\",\"target\":{\"@type\":\"EntryPoint\",\"urlTemplate\":\"https:\\\/\\\/amberstone.pl\\\/pl\\\/?s={search_term_string}\"},\"query-input\":{\"@type\":\"PropertyValueSpecification\",\"valueRequired\":true,\"valueName\":\"search_term_string\"}}],\"inLanguage\":\"pl-PL\"},{\"@type\":\"Organization\",\"@id\":\"https:\\\/\\\/amberstone.pl\\\/pl\\\/#organization\",\"name\":\"Amberstone Associates\",\"url\":\"https:\\\/\\\/amberstone.pl\\\/pl\\\/\",\"logo\":{\"@type\":\"ImageObject\",\"inLanguage\":\"pl-PL\",\"@id\":\"https:\\\/\\\/amberstone.pl\\\/pl\\\/#\\\/schema\\\/logo\\\/image\\\/\",\"url\":\"https:\\\/\\\/amberstone.pl\\\/wp-content\\\/uploads\\\/2024\\\/11\\\/amberstoneassociates-executive-search-logo.png\",\"contentUrl\":\"https:\\\/\\\/amberstone.pl\\\/wp-content\\\/uploads\\\/2024\\\/11\\\/amberstoneassociates-executive-search-logo.png\",\"width\":421,\"height\":132,\"caption\":\"Amberstone Associates\"},\"image\":{\"@id\":\"https:\\\/\\\/amberstone.pl\\\/pl\\\/#\\\/schema\\\/logo\\\/image\\\/\"},\"sameAs\":[\"https:\\\/\\\/www.facebook.com\\\/amberstoneassociates\",\"https:\\\/\\\/x.com\\\/K_Puchalski\",\"https:\\\/\\\/www.linkedin.com\\\/company\\\/amberstone-associates-sp-z-o-o-\\\/\"]}]}<\/script>\n<!-- \/ Yoast SEO plugin. -->","yoast_head_json":{"title":"Executive outplacement - Amberstone Associates","robots":{"index":"index","follow":"follow","max-snippet":"max-snippet:-1","max-image-preview":"max-image-preview:large","max-video-preview":"max-video-preview:-1"},"canonical":"https:\/\/amberstone.pl\/pl\/executive-outplacement\/","og_locale":"pl_PL","og_type":"article","og_title":"Executive outplacement - Amberstone Associates","og_description":"Executive outplacement Zapewniamy wsparcie cennym mened\u017cerom, zmieniaj\u0105c ich \u017cycie zawodowe. Executive outplacement to profesjonalnie przygotowany program maj\u0105cy na celu zapewnienie wsparcia pracownikom wy\u017cszego szczebla odchodz\u0105cym z organizacji. Najbardziej warto\u015bciowi pracodawcy oferuj\u0105 tego rodzaju wsparcie, aby podkre\u015bli\u0107 swoj\u0105 wdzi\u0119czno\u015b\u0107 i szacunek dla pracownik\u00f3w w procesie zmian. Dlatego Amberstone Associates dedykuje us\u0142ug\u0119 Executive Outplacement dla kadry zarz\u0105dzaj\u0105cej. [&hellip;]","og_url":"https:\/\/amberstone.pl\/pl\/executive-outplacement\/","og_site_name":"Amberstone Associates","article_publisher":"https:\/\/www.facebook.com\/amberstoneassociates","article_modified_time":"2025-01-02T18:31:08+00:00","og_image":[{"width":1200,"height":675,"url":"https:\/\/amberstone.pl\/wp-content\/uploads\/2025\/02\/amberstone-executive-search.png","type":"image\/png"}],"twitter_card":"summary_large_image","twitter_site":"@K_Puchalski","twitter_misc":{"Szacowany czas czytania":"1 minuta"},"schema":{"@context":"https:\/\/schema.org","@graph":[{"@type":"WebPage","@id":"https:\/\/amberstone.pl\/pl\/executive-outplacement\/","url":"https:\/\/amberstone.pl\/pl\/executive-outplacement\/","name":"Executive outplacement - Amberstone Associates","isPartOf":{"@id":"https:\/\/amberstone.pl\/pl\/#website"},"datePublished":"2024-11-24T12:21:33+00:00","dateModified":"2025-01-02T18:31:08+00:00","breadcrumb":{"@id":"https:\/\/amberstone.pl\/pl\/executive-outplacement\/#breadcrumb"},"inLanguage":"pl-PL","potentialAction":[{"@type":"ReadAction","target":["https:\/\/amberstone.pl\/pl\/executive-outplacement\/"]}]},{"@type":"BreadcrumbList","@id":"https:\/\/amberstone.pl\/pl\/executive-outplacement\/#breadcrumb","itemListElement":[{"@type":"ListItem","position":1,"name":"Home","item":"https:\/\/amberstone.pl\/pl\/"},{"@type":"ListItem","position":2,"name":"Executive outplacement"}]},{"@type":"WebSite","@id":"https:\/\/amberstone.pl\/pl\/#website","url":"https:\/\/amberstone.pl\/pl\/","name":"Amberstone Associates, Executive Search in Poland","description":"Amberstone Associates \u2013 Leading Executive Search in Poland with Expertise in Technology and Beyond.","publisher":{"@id":"https:\/\/amberstone.pl\/pl\/#organization"},"alternateName":"Amberstone Associates, Executive Search","potentialAction":[{"@type":"SearchAction","target":{"@type":"EntryPoint","urlTemplate":"https:\/\/amberstone.pl\/pl\/?s={search_term_string}"},"query-input":{"@type":"PropertyValueSpecification","valueRequired":true,"valueName":"search_term_string"}}],"inLanguage":"pl-PL"},{"@type":"Organization","@id":"https:\/\/amberstone.pl\/pl\/#organization","name":"Amberstone Associates","url":"https:\/\/amberstone.pl\/pl\/","logo":{"@type":"ImageObject","inLanguage":"pl-PL","@id":"https:\/\/amberstone.pl\/pl\/#\/schema\/logo\/image\/","url":"https:\/\/amberstone.pl\/wp-content\/uploads\/2024\/11\/amberstoneassociates-executive-search-logo.png","contentUrl":"https:\/\/amberstone.pl\/wp-content\/uploads\/2024\/11\/amberstoneassociates-executive-search-logo.png","width":421,"height":132,"caption":"Amberstone Associates"},"image":{"@id":"https:\/\/amberstone.pl\/pl\/#\/schema\/logo\/image\/"},"sameAs":["https:\/\/www.facebook.com\/amberstoneassociates","https:\/\/x.com\/K_Puchalski","https:\/\/www.linkedin.com\/company\/amberstone-associates-sp-z-o-o-\/"]}]}},"_links":{"self":[{"href":"https:\/\/amberstone.pl\/pl\/wp-json\/wp\/v2\/pages\/1637","targetHints":{"allow":["GET"]}}],"collection":[{"href":"https:\/\/amberstone.pl\/pl\/wp-json\/wp\/v2\/pages"}],"about":[{"href":"https:\/\/amberstone.pl\/pl\/wp-json\/wp\/v2\/types\/page"}],"author":[{"embeddable":true,"href":"https:\/\/amberstone.pl\/pl\/wp-json\/wp\/v2\/users\/1"}],"replies":[{"embeddable":true,"href":"https:\/\/amberstone.pl\/pl\/wp-json\/wp\/v2\/comments?post=1637"}],"version-history":[{"count":0,"href":"https:\/\/amberstone.pl\/pl\/wp-json\/wp\/v2\/pages\/1637\/revisions"}],"wp:attachment":[{"href":"https:\/\/amberstone.pl\/pl\/wp-json\/wp\/v2\/media?parent=1637"}],"curies":[{"name":"wp","href":"https:\/\/api.w.org\/{rel}","templated":true}]}}